{"id":538,"date":"2020-06-15T11:26:22","date_gmt":"2020-06-15T15:26:22","guid":{"rendered":"http:\/\/pdhandbook.adh.pbp.mybluehost.me\/home\/"},"modified":"2022-01-04T17:56:18","modified_gmt":"2022-01-04T22:56:18","slug":"home","status":"publish","type":"page","link":"https:\/\/pdhandbook.royalcollege.ca\/fr\/","title":{"rendered":"Bienvenue!"},"content":{"rendered":"<p>Cet ouvrage a \u00e9t\u00e9 r\u00e9dig\u00e9 par de nombreux \u00e9ducateurs qui ont une compr\u00e9hension approfondie, et souvent personnelle, du r\u00f4le et des responsabilit\u00e9s qui vous attendent; on y retrouve leurs conseils pratiques, empreints de leur sagesse. Ce livre \u00e9lectronique a \u00e9t\u00e9 con\u00e7u pour que vous puissiez profiter au maximum des occasions \u00e0 venir. Il vous aidera aussi \u00e0 reconna\u00eetre, \u00e0 all\u00e9ger et \u00e0 vaincre les difficult\u00e9s courantes avec efficacit\u00e9 et efficience.<\/p>\n","protected":false},"excerpt":{"rendered":"<p>Cet ouvrage a \u00e9t\u00e9 r\u00e9dig\u00e9 par de nombreux \u00e9ducateurs qui ont une compr\u00e9hension approfondie, et souvent personnelle, du r\u00f4le et des responsabilit\u00e9s qui vous attendent; on y retrouve leurs conseils pratiques, empreints de leur sagesse. Ce livre \u00e9lectronique a \u00e9t\u00e9 con\u00e7u pour que vous puissiez profiter au maximum des occasions \u00e0 venir. Il vous aidera&hellip;<\/p>\n<p><a class=\"more-link\" href=\"https:\/\/pdhandbook.royalcollege.ca\/fr\/\" title=\"Lire la suite\u2026 &lsquo;Bienvenue!&rsquo;\">Continue la lecture <span class=\"meta-nav\">&rarr;<\/span><\/a><\/p>\n","protected":false},"author":5,"featured_media":0,"parent":0,"menu_order":0,"comment_status":"closed","ping_status":"closed","template":"page-templates\/front-page.php","meta":{"_acf_changed":false,"footnotes":""},"class_list":["post-538","page","type-page","status-publish","hentry"],"acf":[],"_links":{"self":[{"href":"https:\/\/pdhandbook.royalcollege.ca\/fr\/wp-json\/wp\/v2\/pages\/538","targetHints":{"allow":["GET"]}}],"collection":[{"href":"https:\/\/pdhandbook.royalcollege.ca\/fr\/wp-json\/wp\/v2\/pages"}],"about":[{"href":"https:\/\/pdhandbook.royalcollege.ca\/fr\/wp-json\/wp\/v2\/types\/page"}],"author":[{"embeddable":true,"href":"https:\/\/pdhandbook.royalcollege.ca\/fr\/wp-json\/wp\/v2\/users\/5"}],"replies":[{"embeddable":true,"href":"https:\/\/pdhandbook.royalcollege.ca\/fr\/wp-json\/wp\/v2\/comments?post=538"}],"version-history":[{"count":16,"href":"https:\/\/pdhandbook.royalcollege.ca\/fr\/wp-json\/wp\/v2\/pages\/538\/revisions"}],"predecessor-version":[{"id":2210,"href":"https:\/\/pdhandbook.royalcollege.ca\/fr\/wp-json\/wp\/v2\/pages\/538\/revisions\/2210"}],"wp:attachment":[{"href":"https:\/\/pdhandbook.royalcollege.ca\/fr\/wp-json\/wp\/v2\/media?parent=538"}],"curies":[{"name":"wp","href":"https:\/\/api.w.org\/{rel}","templated":true}]}}