{"id":2010,"date":"2021-10-22T09:12:53","date_gmt":"2021-10-22T13:12:53","guid":{"rendered":"http:\/\/35.183.124.144\/editors\/"},"modified":"2022-06-17T15:45:57","modified_gmt":"2022-06-17T19:45:57","slug":"editors","status":"publish","type":"page","link":"https:\/\/pdhandbook.royalcollege.ca\/fr\/editors\/","title":{"rendered":"\u00c9diteurs"},"content":{"rendered":"<p><img loading=\"lazy\" decoding=\"async\" class=\" wp-image-1128 alignleft\" src=\"http:\/\/35.183.124.144\/wp-content\/uploads\/2020\/07\/Atkinson-Adelle_Sept-2016-210x300.jpg\" alt=\"Photo of Dr. Adelle Atkinson\" width=\"216\" height=\"309\" srcset=\"https:\/\/pdhandbook.royalcollege.ca\/wp-content\/uploads\/2020\/07\/Atkinson-Adelle_Sept-2016-210x300.jpg 210w, https:\/\/pdhandbook.royalcollege.ca\/wp-content\/uploads\/2020\/07\/Atkinson-Adelle_Sept-2016-717x1024.jpg 717w, https:\/\/pdhandbook.royalcollege.ca\/wp-content\/uploads\/2020\/07\/Atkinson-Adelle_Sept-2016-768x1097.jpg 768w, https:\/\/pdhandbook.royalcollege.ca\/wp-content\/uploads\/2020\/07\/Atkinson-Adelle_Sept-2016.jpg 1050w\" sizes=\"auto, (max-width: 216px) 100vw, 216px\" \/><strong>Adelle Atkinson, MD, FRCPC<\/strong><\/p>\n<p>La Dre Atkinson est professeure en p\u00e9diatrie au D\u00e9partement de p\u00e9diatrie, et consultante en immunologie\/allergologue \u00e0 la Division de l\u2019immunologie et des allergies. Ses travaux cliniques portent sur les patients atteints d\u2019immunod\u00e9ficiences primaires, la greffe de moelle osseuse et les maladies allergiques complexes, surtout les r\u00e9actions aux aliments, aux m\u00e9dicaments et aux agents biologiques.<\/p>\n<p>La Dre Atkinson est directrice associ\u00e9e de l&rsquo;\u00e9ducation; elle \u00e9tait auparavant directrice de la formation m\u00e9dicale postdoctorale au D\u00e9partement de p\u00e9diatrie de l\u2019Universit\u00e9 de Toronto. Elle y a administr\u00e9 le programme de formation des quelque 80\u00a0r\u00e9sidents inscrits de 2006 \u00e0 2021.<\/p>\n<p>\u00c0 titre d\u2019\u00e9ducatrice clinicienne au Coll\u00e8ge royal des m\u00e9decins et chirurgiens du Canada, la Dre Atkinson se concentre principalement sur la mise en \u0153uvre de l\u2019initiative La comp\u00e9tence par conception.<\/p>\n<p>&nbsp;<\/p>\n<p><img loading=\"lazy\" decoding=\"async\" class=\"wp-image-2007 alignleft\" src=\"http:\/\/35.183.124.144\/wp-content\/uploads\/2021\/10\/Cynthia-Abbott-268x300.jpeg\" alt=\"Photo of Ms. Cynthia Abbott\" width=\"216\" height=\"242\" srcset=\"https:\/\/pdhandbook.royalcollege.ca\/wp-content\/uploads\/2021\/10\/Cynthia-Abbott-268x300.jpeg 268w, https:\/\/pdhandbook.royalcollege.ca\/wp-content\/uploads\/2021\/10\/Cynthia-Abbott.jpeg 431w\" sizes=\"auto, (max-width: 216px) 100vw, 216px\" \/><\/p>\n<p><strong>Cynthia Abbott, MPl<\/strong><\/p>\n<p>Cynthia Abbott est gestionnaire de l&rsquo;\u00e9quipe responsable de CanMEDS et du perfectionnement du corps professoral au Coll\u00e8ge royal. Au fil de sa carri\u00e8re, elle a particip\u00e9 \u00e0 des projets d&rsquo;innovation p\u00e9dagogique d&rsquo;envergure, notamment CanMEDS et La comp\u00e9tence par conception. Elle participe activement au perfectionnement du corps professoral des programmes de r\u00e9sidence, et plus particuli\u00e8rement les directeurs de programme, les administrateurs de programme et les pr\u00e9sidents des comit\u00e9s de comp\u00e9tence.<\/p>\n<p>&nbsp;<\/p>\n<p>&nbsp;<\/p>\n<p><img loading=\"lazy\" decoding=\"async\" class=\" wp-image-892 alignleft\" src=\"http:\/\/35.183.124.144\/wp-content\/uploads\/2020\/07\/aboucher.jpg\" alt=\"Photo of Dr. Andr\u00e9e Boucher\" width=\"216\" height=\"318\" \/><strong>Andr\u00e9e Boucher, MD, FRCPC<\/strong><\/p>\n<p>La Dre Boucher est professeure \u00e0 la Facult\u00e9 de m\u00e9decine de l&rsquo;Universit\u00e9 de Montr\u00e9al. Endocrinologue sp\u00e9cialiste du cancer de la thyro\u00efde et chercheure clinique, elle est actuellement chef du service d\u2019endocrinologie au Centre hospitalier de l\u2019Universit\u00e9 de Montr\u00e9al (CHUM). Elle est aussi directrice m\u00e9dicale associ\u00e9e de la Direction de l\u2019enseignement et de l\u2019Acad\u00e9mie CHUM.<\/p>\n<p>Elle a \u0153uvr\u00e9 \u00e0 diff\u00e9rents niveaux de la formation m\u00e9dicale, notamment \u00e0 titre de vice-doyenne au d\u00e9veloppement professionnel continu \u00e0 l&rsquo;Universit\u00e9 de Montr\u00e9al et vice-pr\u00e9sidente de l&rsquo;\u00e9ducation \u00e0 l&rsquo;Association des facult\u00e9s de m\u00e9decine du Canada. Elle a men\u00e9 les r\u00e9flexions sur la transition des programmes \u00e0 l&rsquo;approche par comp\u00e9tences en formation m\u00e9dicale \u00e0 l&rsquo;Universit\u00e9 de Montr\u00e9al.<\/p>\n<p>&nbsp;<\/p>\n<p>&nbsp;<\/p>\n<p><strong><img loading=\"lazy\" decoding=\"async\" class=\" wp-image-2200 alignleft\" src=\"http:\/\/35.183.124.144\/wp-content\/uploads\/2022\/01\/Ryan-Giroux-cropped-222x300.jpg\" alt=\"Photo de Dr. Ryan Giroux\" width=\"216\" height=\"292\" srcset=\"https:\/\/pdhandbook.royalcollege.ca\/wp-content\/uploads\/2022\/01\/Ryan-Giroux-cropped-222x300.jpg 222w, https:\/\/pdhandbook.royalcollege.ca\/wp-content\/uploads\/2022\/01\/Ryan-Giroux-cropped-758x1024.jpg 758w, https:\/\/pdhandbook.royalcollege.ca\/wp-content\/uploads\/2022\/01\/Ryan-Giroux-cropped-768x1037.jpg 768w, https:\/\/pdhandbook.royalcollege.ca\/wp-content\/uploads\/2022\/01\/Ryan-Giroux-cropped.jpg 1111w\" sizes=\"auto, (max-width: 216px) 100vw, 216px\" \/>Ryan Giroux, MD, FRCPC (He\/Him)<\/strong><\/p>\n<p>\u00c9ducateur clinicien autochtone au Coll\u00e8ge royal des m\u00e9decins et chirurgiens du Canada o\u00f9 il se concentre sur l&rsquo;agr\u00e9ment, le Dr\u00a0Ryan\u00a0Giroux est p\u00e9diatre g\u00e9n\u00e9ral \u00e0 Unity Health Toronto et Inner City Health Associates (Toronto), et travaille principalement aupr\u00e8s des familles autochtones, des r\u00e9fugi\u00e9s et des nouveaux arrivants au Canada. Il s&rsquo;int\u00e9resse surtout \u00e0 l&rsquo;\u00e9quit\u00e9 en formation m\u00e9dicale et \u00e0 la sant\u00e9 des enfants autochtones. Il fait partie de la Nation m\u00e9tisse de l&rsquo;Alberta.<\/p>\n<p>&nbsp;<\/p>\n<p>&nbsp;<\/p>\n<p>&nbsp;<\/p>\n<p>&nbsp;<\/p>\n<p><img loading=\"lazy\" decoding=\"async\" class=\"wp-image-2469 alignleft\" src=\"http:\/\/35.183.124.144\/wp-content\/uploads\/2022\/04\/Kannin-Osei-Tutu-cropped-841x1024.jpg\" alt=\"Photo de Dr. Kannin Osei-Tutu\" width=\"216\" height=\"264\" srcset=\"https:\/\/pdhandbook.royalcollege.ca\/wp-content\/uploads\/2022\/04\/Kannin-Osei-Tutu-cropped-841x1024.jpg 841w, https:\/\/pdhandbook.royalcollege.ca\/wp-content\/uploads\/2022\/04\/Kannin-Osei-Tutu-cropped-246x300.jpg 246w, https:\/\/pdhandbook.royalcollege.ca\/wp-content\/uploads\/2022\/04\/Kannin-Osei-Tutu-cropped-768x935.jpg 768w, https:\/\/pdhandbook.royalcollege.ca\/wp-content\/uploads\/2022\/04\/Kannin-Osei-Tutu-cropped.jpg 1121w\" sizes=\"auto, (max-width: 216px) 100vw, 216px\" \/><\/p>\n<p><strong id=\"kannin\">Kannin Osei-Tutu, MD, MSc, CCFP<\/strong><\/p>\n<p>Le Dr\u00a0Kannin\u00a0Osei-Tutu,\u00a0MD, MSc, CMFC, est un m\u00e9decin de famille ayant compl\u00e9t\u00e9 sa formation \u00e0 l\u2019Universit\u00e9 de Toronto et se sp\u00e9cialisant dans les soins aigus en milieu hospitalier. Il a consacr\u00e9 les 11\u00a0derni\u00e8res ann\u00e9es aux premi\u00e8res lignes prodiguant des soins aux patients atteints de maladies li\u00e9es aux in\u00e9galit\u00e9s sociopolitiques et \u00e0 la marginalisation. Il est professeur clinicien adjoint et directeur adjoint du Bureau du bien-\u00eatre et d\u2019orientation des \u00e9tudiants de l\u2019\u00c9cole de m\u00e9decine Cumming de l\u2019Universit\u00e9 de Calgary.<\/p>\n<p>Sur le plan provincial, il est le pr\u00e9sident-fondateur de M\u00e9decins noirs du Canada et si\u00e8ge au comit\u00e9 de lutte contre le racisme et la discrimination du Coll\u00e8ge des m\u00e9decins et chirurgiens de l\u2019Alberta. Il a occup\u00e9 plusieurs r\u00f4les de leadership \u00e0 l\u2019\u00e9chelle nationale, notamment\u00a0conseiller strat\u00e9gique en mati\u00e8re d\u2019\u00e9quit\u00e9, de diversit\u00e9 et d\u2019inclusion au Coll\u00e8ge\u00a0royal des m\u00e9decins et chirurgiens du Canada, pr\u00e9sident du Groupe de travail conjoint sur le racisme envers les Noirs, membre du Comit\u00e9 directeur CanMEDS\u00a025 et membre du conseil d\u2019administration de M\u00e9decins noirs du Canada.<\/p>\n<p>&nbsp;<\/p>\n<p><img loading=\"lazy\" decoding=\"async\" class=\" wp-image-2103 alignleft\" src=\"http:\/\/35.183.124.144\/wp-content\/uploads\/2021\/12\/Head-shot_Saleem-Razack_Jan-2017-200x300.jpg\" alt=\"Photo de Dr. Saleem Razack\" width=\"216\" height=\"324\" srcset=\"https:\/\/pdhandbook.royalcollege.ca\/wp-content\/uploads\/2021\/12\/Head-shot_Saleem-Razack_Jan-2017-200x300.jpg 200w, https:\/\/pdhandbook.royalcollege.ca\/wp-content\/uploads\/2021\/12\/Head-shot_Saleem-Razack_Jan-2017-683x1024.jpg 683w, https:\/\/pdhandbook.royalcollege.ca\/wp-content\/uploads\/2021\/12\/Head-shot_Saleem-Razack_Jan-2017-768x1152.jpg 768w, https:\/\/pdhandbook.royalcollege.ca\/wp-content\/uploads\/2021\/12\/Head-shot_Saleem-Razack_Jan-2017.jpg 1000w\" sizes=\"auto, (max-width: 216px) 100vw, 216px\" \/><\/p>\n<p><strong>Saleem Razack, MD, FRCPC<\/strong><\/p>\n<p>Le Dr\u00a0Saleem\u00a0Razack est le directeur du Bureau de la responsabilit\u00e9 sociale et de l\u2019engagement communautaire \u00e0 la Facult\u00e9 de m\u00e9decine, professeur agr\u00e9g\u00e9 de p\u00e9diatrie et membre du corps professoral du Centre d\u2019\u00e9ducation m\u00e9dicale de l\u2019Universit\u00e9\u00a0McGill. Il exerce la m\u00e9decine de soins intensifs p\u00e9diatriques. Ses principaux int\u00e9r\u00eats en \u00e9ducation m\u00e9dicale comprennent l\u2019\u00e9valuation, les questions d\u2019\u00e9quit\u00e9 et la responsabilit\u00e9 sociale dans l\u2019enseignement aux professionnels de la sant\u00e9.<\/p>\n<p>&nbsp;<\/p>\n<p>&nbsp;<\/p>\n<p>&nbsp;<\/p>\n<p>&nbsp;<\/p>\n<p><strong><img loading=\"lazy\" decoding=\"async\" class=\"wp-image-2187 alignleft\" src=\"http:\/\/35.183.124.144\/wp-content\/uploads\/2021\/12\/Javeed-Sukhera-3-1-222x300.jpg\" alt=\"Photo de Dr. Javeed Sukhera\" width=\"215\" height=\"291\" srcset=\"https:\/\/pdhandbook.royalcollege.ca\/wp-content\/uploads\/2021\/12\/Javeed-Sukhera-3-1-222x300.jpg 222w, https:\/\/pdhandbook.royalcollege.ca\/wp-content\/uploads\/2021\/12\/Javeed-Sukhera-3-1.jpg 436w\" sizes=\"auto, (max-width: 215px) 100vw, 215px\" \/>Javeed Sukhera, MD, PhD, FRCPC<\/strong><\/p>\n<p>Directeur du D\u00e9partement de psychiatrie, Institute of Living, et chef du D\u00e9partement de psychiatrie au Hartford Hospital, \u00e0 Hartford, au Connecticut, le Dr\u00a0Javeed\u00a0Sukhera est affili\u00e9 \u00e0 l&rsquo;Universit\u00e9 du Connecticut et \u00e0 l&rsquo;Universit\u00e9 Yale. Avant de travailler au Hartford HealthCare, il a occup\u00e9 divers postes de direction cliniques et universitaires \u00e0 l&rsquo;Universit\u00e9 Western de London, en Ontario. Dipl\u00f4m\u00e9 de l&rsquo;Universit\u00e9 de Toronto et de l&rsquo;Universit\u00e9 Ben-Gourion, il a termin\u00e9 sa r\u00e9sidence ainsi qu&rsquo;une formation compl\u00e9mentaire en psychiatrie de l\u2019enfant et de l\u2019adolescent \u00e0 l&rsquo;Universit\u00e9 de Rochester (New York). Il a obtenu un doctorat en enseignement aux professionnels de la sant\u00e9 \u00e0 l\u2019Universit\u00e9 de Maastricht. Chercheur reconnu au niveau international en enseignement aux professions de la sant\u00e9, il explore de nouvelles approches pour lutter contre la stigmatisation et les pr\u00e9jug\u00e9s chez les professionnels de la sant\u00e9 dans le cadre de son programme de recherche, et il participe \u00e0 des activit\u00e9s intersectorielles et de d\u00e9fense des int\u00e9r\u00eats (\u00e9ducation, services de police et services communautaires).<\/p>\n<style>\nhtml {<br \/>\n  scroll-behavior: smooth;<br \/>\n}<br \/>\n<\/style>\n<p><script>\n      const queryString = window.location.search\n      const urlParams = new URLSearchParams(queryString)\n      const id = urlParams.get(\"id\")\n      setTimeout(() => {\n        if (id) {\n          document.getElementById(id).scrollIntoView()\n        }\n      }, 500)\n    <\/script><\/p>\n","protected":false},"excerpt":{"rendered":"<p>Adelle Atkinson, MD, FRCPC La Dre Atkinson est professeure en p\u00e9diatrie au D\u00e9partement de p\u00e9diatrie, et consultante en immunologie\/allergologue \u00e0 la Division de l\u2019immunologie et des allergies. Ses travaux cliniques portent sur les patients atteints d\u2019immunod\u00e9ficiences primaires, la greffe de moelle osseuse et les maladies allergiques complexes, surtout les r\u00e9actions aux aliments, aux m\u00e9dicaments et&hellip;<\/p>\n<p><a class=\"more-link\" href=\"https:\/\/pdhandbook.royalcollege.ca\/fr\/editors\/\" title=\"Lire la suite\u2026 &lsquo;\u00c9diteurs&rsquo;\">Continue la lecture <span class=\"meta-nav\">&rarr;<\/span><\/a><\/p>\n","protected":false},"author":5,"featured_media":0,"parent":0,"menu_order":0,"comment_status":"closed","ping_status":"closed","template":"page-templates\/full-width.php","meta":{"_acf_changed":false,"footnotes":""},"class_list":["post-2010","page","type-page","status-publish","hentry"],"acf":[],"_links":{"self":[{"href":"https:\/\/pdhandbook.royalcollege.ca\/fr\/wp-json\/wp\/v2\/pages\/2010","targetHints":{"allow":["GET"]}}],"collection":[{"href":"https:\/\/pdhandbook.royalcollege.ca\/fr\/wp-json\/wp\/v2\/pages"}],"about":[{"href":"https:\/\/pdhandbook.royalcollege.ca\/fr\/wp-json\/wp\/v2\/types\/page"}],"author":[{"embeddable":true,"href":"https:\/\/pdhandbook.royalcollege.ca\/fr\/wp-json\/wp\/v2\/users\/5"}],"replies":[{"embeddable":true,"href":"https:\/\/pdhandbook.royalcollege.ca\/fr\/wp-json\/wp\/v2\/comments?post=2010"}],"version-history":[{"count":42,"href":"https:\/\/pdhandbook.royalcollege.ca\/fr\/wp-json\/wp\/v2\/pages\/2010\/revisions"}],"predecessor-version":[{"id":2748,"href":"https:\/\/pdhandbook.royalcollege.ca\/fr\/wp-json\/wp\/v2\/pages\/2010\/revisions\/2748"}],"wp:attachment":[{"href":"https:\/\/pdhandbook.royalcollege.ca\/fr\/wp-json\/wp\/v2\/media?parent=2010"}],"curies":[{"name":"wp","href":"https:\/\/api.w.org\/{rel}","templated":true}]}}